{"id":33,"date":"2024-03-12T12:18:12","date_gmt":"2024-03-12T12:18:12","guid":{"rendered":"https:\/\/demonitor.rgf.bg.ac.rs\/?page_id=33"},"modified":"2025-03-03T12:27:08","modified_gmt":"2025-03-03T12:27:08","slug":"new","status":"publish","type":"page","link":"https:\/\/demonitor.rgf.bg.ac.rs\/index.php\/new\/","title":{"rendered":"News"},"content":{"rendered":"\n<div class=\"wp-block-group is-nowrap is-layout-flex wp-container-core-group-is-layout-6c531013 wp-block-group-is-layout-flex\">\n<p class=\"has-medium-font-size\">Welcome to our project news hub! Here, you&#8217;ll find updates on our project implementation and realization efforts. Stay tuned for the latest developments, milestones, working packages and successes as we bring our project toward goals.<\/p>\n\n\n<ul class=\"wp-block-archives-list wp-block-archives has-heading-font-family\">\t<li><a href='https:\/\/demonitor.rgf.bg.ac.rs\/index.php\/2025\/'>2025<\/a>&nbsp;(4)<\/li>\n\t<li><a href='https:\/\/demonitor.rgf.bg.ac.rs\/index.php\/2024\/'>2024<\/a>&nbsp;(16)<\/li>\n\t<li><a href='https:\/\/demonitor.rgf.bg.ac.rs\/index.php\/2023\/'>2023<\/a>&nbsp;(2)<\/li>\n<\/ul><\/div>\n\n\n<div class=\"wp-block-categories-dropdown aligncenter wp-block-categories has-heading-font-family\"><label class=\"wp-block-categories__label screen-reader-text\" for=\"wp-block-categories-1\">Categories<\/label><select  name='category_name' id='wp-block-categories-1' class='postform'>\n\t<option value='-1'>Select Category<\/option>\n\t<option class=\"level-0\" value=\"conferences\">Conferences<\/option>\n\t<option class=\"level-0\" value=\"field-campaigns\">Field campaigns<\/option>\n\t<option class=\"level-0\" value=\"promotion\">Promotion<\/option>\n\t<option class=\"level-0\" value=\"science-fund\">Science Fund<\/option>\n\t<option class=\"level-0\" value=\"software-equipment\">Software &amp; Equipment<\/option>\n\t<option class=\"level-0\" value=\"training\">Training<\/option>\n\t<option class=\"level-0\" value=\"uncategorized\">Uncategorized<\/option>\n<\/select><script>\n( ( [ dropdownId, homeUrl ] ) => {\n\t\tconst dropdown = document.getElementById( dropdownId );\n\t\tfunction onSelectChange() {\n\t\t\tsetTimeout( () => {\n\t\t\t\tif ( 'escape' === dropdown.dataset.lastkey ) {\n\t\t\t\t\treturn;\n\t\t\t\t}\n\t\t\t\tif ( dropdown.value && dropdown instanceof HTMLSelectElement ) {\n\t\t\t\t\tconst url = new URL( homeUrl );\n\t\t\t\t\turl.searchParams.set( dropdown.name, dropdown.value );\n\t\t\t\t\tlocation.href = url.href;\n\t\t\t\t}\n\t\t\t}, 250 );\n\t\t}\n\t\tfunction onKeyUp( event ) {\n\t\t\tif ( 'Escape' === event.key ) {\n\t\t\t\tdropdown.dataset.lastkey = 'escape';\n\t\t\t} else {\n\t\t\t\tdelete dropdown.dataset.lastkey;\n\t\t\t}\n\t\t}\n\t\tfunction onClick() {\n\t\t\tdelete dropdown.dataset.lastkey;\n\t\t}\n\t\tdropdown.addEventListener( 'keyup', onKeyUp );\n\t\tdropdown.addEventListener( 'click', onClick );\n\t\tdropdown.addEventListener( 'change', onSelectChange );\n\t} )( [\"wp-block-categories-1\",\"https:\/\/demonitor.rgf.bg.ac.rs\"] );\n\/\/# sourceURL=build_dropdown_script_block_core_categories\n<\/script>\n\n<\/div>\n\n\n<hr class=\"wp-block-separator has-text-color has-contrast-2-color has-alpha-channel-opacity has-contrast-2-background-color has-background is-style-wide\" style=\"margin-top:var(--wp--preset--spacing--10);margin-bottom:var(--wp--preset--spacing--10)\"\/>\n\n\n\n<div class=\"wp-block-group is-nowrap is-layout-flex wp-container-core-group-is-layout-6c531013 wp-block-group-is-layout-flex\">\n<div class=\"wp-block-query has-global-padding is-layout-constrained wp-block-query-is-layout-constrained\">\n<div class=\"wp-block-group is-vertical is-layout-flex wp-container-core-group-is-layout-d2813f64 wp-block-group-is-layout-flex\" style=\"border-style:none;border-width:0px;border-radius:0px;margin-top:0;margin-bottom:0;padding-top:var(--wp--preset--spacing--20);padding-right:0;padding-bottom:var(--wp--preset--spacing--20);padding-left:0\"><ul class=\"alignfull wp-block-post-template is-layout-flow wp-container-core-post-template-is-layout-09c064ec wp-block-post-template-is-layout-flow\"><li class=\"wp-block-post post-576 post type-post status-publish format-standard has-post-thumbnail hentry category-software-equipment\">\n<figure style=\"aspect-ratio:3\/2; padding-top:0;padding-bottom:0;margin-bottom:var(--wp--preset--spacing--20);\" class=\"wp-block-post-featured-image\"><a href=\"https:\/\/demonitor.rgf.bg.ac.rs\/index.php\/2025\/11\/25\/new-surveying-equipment-acquired-for-the-demonitor-project\/\" target=\"_self\"  ><img loading=\"lazy\" decoding=\"async\" width=\"1680\" height=\"2128\" src=\"https:\/\/demonitor.rgf.bg.ac.rs\/wp-content\/uploads\/2026\/01\/IMG_20251124_145408.jpg\" class=\"attachment-post-thumbnail size-post-thumbnail wp-post-image\" alt=\"New Surveying Equipment Acquired for the DEMONITOR Project\" style=\"width:100%;height:100%;object-fit:contain;\" srcset=\"https:\/\/demonitor.rgf.bg.ac.rs\/wp-content\/uploads\/2026\/01\/IMG_20251124_145408.jpg 1680w, https:\/\/demonitor.rgf.bg.ac.rs\/wp-content\/uploads\/2026\/01\/IMG_20251124_145408-237x300.jpg 237w, https:\/\/demonitor.rgf.bg.ac.rs\/wp-content\/uploads\/2026\/01\/IMG_20251124_145408-808x1024.jpg 808w, https:\/\/demonitor.rgf.bg.ac.rs\/wp-content\/uploads\/2026\/01\/IMG_20251124_145408-768x973.jpg 768w, https:\/\/demonitor.rgf.bg.ac.rs\/wp-content\/uploads\/2026\/01\/IMG_20251124_145408-1213x1536.jpg 1213w, https:\/\/demonitor.rgf.bg.ac.rs\/wp-content\/uploads\/2026\/01\/IMG_20251124_145408-1617x2048.jpg 1617w\" sizes=\"auto, (max-width: 1680px) 100vw, 1680px\" \/><\/a><\/figure>\n\n\n<div class=\"wp-block-group is-vertical is-nowrap is-layout-flex wp-container-core-group-is-layout-9bc6ff26 wp-block-group-is-layout-flex\"><h2 style=\"margin-bottom:0;\" class=\"wp-block-post-title has-x-large-font-size\"><a href=\"https:\/\/demonitor.rgf.bg.ac.rs\/index.php\/2025\/11\/25\/new-surveying-equipment-acquired-for-the-demonitor-project\/\" target=\"_self\" >New Surveying Equipment Acquired for the DEMONITOR Project<\/a><\/h2>\n\n<div class=\"wp-block-template-part\">\n\n<div class=\"wp-block-group has-global-padding is-layout-constrained wp-block-group-is-layout-constrained\">\n\t\n\t<div class=\"wp-block-group is-content-justification-left is-layout-flex wp-container-core-group-is-layout-dfe8e91f wp-block-group-is-layout-flex\">\n\t\t<div class=\"wp-block-post-date\"><time datetime=\"2025-11-25T12:04:00+00:00\"><a href=\"https:\/\/demonitor.rgf.bg.ac.rs\/index.php\/2025\/11\/25\/new-surveying-equipment-acquired-for-the-demonitor-project\/\">Nov 25, 2025<\/a><\/time><\/div>\n\n\t\t\n\t\t<p class=\"has-contrast-2-color has-text-color\">\u2014<\/p>\n\t\t\n\n\t\t\n\t\t<p class=\"has-small-font-size has-contrast-2-color has-text-color\">by<\/p>\n\t\t\n\n\t\t<div class=\"wp-block-post-author-name\"><a href=\"https:\/\/demonitor.rgf.bg.ac.rs\/index.php\/author\/demonitor_admin\/\" target=\"_self\" class=\"wp-block-post-author-name__link\">Demonitor<\/a><\/div>\n\n\t\t<div class=\"taxonomy-category wp-block-post-terms\"><span class=\"wp-block-post-terms__prefix\">in <\/span><a href=\"https:\/\/demonitor.rgf.bg.ac.rs\/index.php\/category\/software-equipment\/\" rel=\"tag\">Software &amp; Equipment<\/a><\/div>\n\n\t<\/div>\n\t\n<\/div>\n\n\n<\/div>\n\n<div class=\"wp-block-post-excerpt has-small-font-size\"><p class=\"wp-block-post-excerpt__excerpt\">Featured image: Equipment Handover: DEMONITOR Project WP Promotion Leader Prof. Dr. Uro\u0161 \u0110uri\u0107 taking over the new DJI Mavic 3 Enterprise system at GridX headquarters We are pleased to announce that the DEMONITOR project has successfully expanded its technical capabilities through the acquisition of specialised drone equipment. This new hardware will be instrumental in conducting<\/p><p class=\"wp-block-post-excerpt__more-text\"><a class=\"wp-block-post-excerpt__more-link\" href=\"https:\/\/demonitor.rgf.bg.ac.rs\/index.php\/2025\/11\/25\/new-surveying-equipment-acquired-for-the-demonitor-project\/\">Read more&#8230;<\/a><\/p><\/div>\n\n\n<div style=\"height:0px\" aria-hidden=\"true\" class=\"wp-block-spacer wp-container-content-32e3a40d\"><\/div>\n<\/div>\n\n<\/li><li class=\"wp-block-post post-568 post type-post status-publish format-standard has-post-thumbnail hentry category-field-campaigns\">\n<figure style=\"aspect-ratio:3\/2; padding-top:0;padding-bottom:0;margin-bottom:var(--wp--preset--spacing--20);\" class=\"wp-block-post-featured-image\"><a href=\"https:\/\/demonitor.rgf.bg.ac.rs\/index.php\/2025\/06\/25\/field-visit-no-4-location-devils-town\/\" target=\"_self\"  ><img loading=\"lazy\" decoding=\"async\" width=\"1600\" height=\"1200\" src=\"https:\/\/demonitor.rgf.bg.ac.rs\/wp-content\/uploads\/2025\/06\/Demonitor-Team-CR-installation.jpg\" class=\"attachment-post-thumbnail size-post-thumbnail wp-post-image\" alt=\"Field Visit No. 4, location: Devils\u2019 Town\" style=\"width:100%;height:100%;object-fit:contain;\" srcset=\"https:\/\/demonitor.rgf.bg.ac.rs\/wp-content\/uploads\/2025\/06\/Demonitor-Team-CR-installation.jpg 1600w, https:\/\/demonitor.rgf.bg.ac.rs\/wp-content\/uploads\/2025\/06\/Demonitor-Team-CR-installation-300x225.jpg 300w, https:\/\/demonitor.rgf.bg.ac.rs\/wp-content\/uploads\/2025\/06\/Demonitor-Team-CR-installation-1024x768.jpg 1024w, https:\/\/demonitor.rgf.bg.ac.rs\/wp-content\/uploads\/2025\/06\/Demonitor-Team-CR-installation-768x576.jpg 768w, https:\/\/demonitor.rgf.bg.ac.rs\/wp-content\/uploads\/2025\/06\/Demonitor-Team-CR-installation-1536x1152.jpg 1536w\" sizes=\"auto, (max-width: 1600px) 100vw, 1600px\" \/><\/a><\/figure>\n\n\n<div class=\"wp-block-group is-vertical is-nowrap is-layout-flex wp-container-core-group-is-layout-9bc6ff26 wp-block-group-is-layout-flex\"><h2 style=\"margin-bottom:0;\" class=\"wp-block-post-title has-x-large-font-size\"><a href=\"https:\/\/demonitor.rgf.bg.ac.rs\/index.php\/2025\/06\/25\/field-visit-no-4-location-devils-town\/\" target=\"_self\" >Field Visit No. 4, location: Devils\u2019 Town<\/a><\/h2>\n\n<div class=\"wp-block-template-part\">\n\n<div class=\"wp-block-group has-global-padding is-layout-constrained wp-block-group-is-layout-constrained\">\n\t\n\t<div class=\"wp-block-group is-content-justification-left is-layout-flex wp-container-core-group-is-layout-dfe8e91f wp-block-group-is-layout-flex\">\n\t\t<div class=\"wp-block-post-date\"><time datetime=\"2025-06-25T22:16:00+00:00\"><a href=\"https:\/\/demonitor.rgf.bg.ac.rs\/index.php\/2025\/06\/25\/field-visit-no-4-location-devils-town\/\">Jun 25, 2025<\/a><\/time><\/div>\n\n\t\t\n\t\t<p class=\"has-contrast-2-color has-text-color\">\u2014<\/p>\n\t\t\n\n\t\t\n\t\t<p class=\"has-small-font-size has-contrast-2-color has-text-color\">by<\/p>\n\t\t\n\n\t\t<div class=\"wp-block-post-author-name\"><a href=\"https:\/\/demonitor.rgf.bg.ac.rs\/index.php\/author\/demonitor_admin\/\" target=\"_self\" class=\"wp-block-post-author-name__link\">Demonitor<\/a><\/div>\n\n\t\t<div class=\"taxonomy-category wp-block-post-terms\"><span class=\"wp-block-post-terms__prefix\">in <\/span><a href=\"https:\/\/demonitor.rgf.bg.ac.rs\/index.php\/category\/field-campaigns\/\" rel=\"tag\">Field campaigns<\/a><\/div>\n\n\t<\/div>\n\t\n<\/div>\n\n\n<\/div>\n\n<div class=\"wp-block-post-excerpt has-small-font-size\"><p class=\"wp-block-post-excerpt__excerpt\">Featured image: Demonitor team (Mileva Samard\u017ei\u0107-Petrovi\u0107, Milo\u0161 Marjanovi\u0107 and Zoran Berisavljevi\u0107 are installing the Corner Reflector at the Devils Town site) Another field visit to the Devils\u2019 Town site took place from 24th to 25th of June 2025, with a primary task to establish a signal toward the Satellite Radar Missions, ESA Sentinel-1 in particular.<\/p><p class=\"wp-block-post-excerpt__more-text\"><a class=\"wp-block-post-excerpt__more-link\" href=\"https:\/\/demonitor.rgf.bg.ac.rs\/index.php\/2025\/06\/25\/field-visit-no-4-location-devils-town\/\">Read more&#8230;<\/a><\/p><\/div>\n\n\n<div style=\"height:0px\" aria-hidden=\"true\" class=\"wp-block-spacer wp-container-content-32e3a40d\"><\/div>\n<\/div>\n\n<\/li><li class=\"wp-block-post post-541 post type-post status-publish format-standard has-post-thumbnail hentry category-science-fund\">\n<figure style=\"aspect-ratio:3\/2; padding-top:0;padding-bottom:0;margin-bottom:var(--wp--preset--spacing--20);\" class=\"wp-block-post-featured-image\"><a href=\"https:\/\/demonitor.rgf.bg.ac.rs\/index.php\/2025\/03\/04\/monitoring-visit-from-the-science-fund-and-world-bank-expert\/\" target=\"_self\"  ><img loading=\"lazy\" decoding=\"async\" width=\"2560\" height=\"1235\" src=\"https:\/\/demonitor.rgf.bg.ac.rs\/wp-content\/uploads\/2025\/03\/IMG_20250303_110528-scaled.jpg\" class=\"attachment-post-thumbnail size-post-thumbnail wp-post-image\" alt=\"Monitoring Visit from the Science Fund and World Bank Expert\" style=\"width:100%;height:100%;object-fit:contain;\" srcset=\"https:\/\/demonitor.rgf.bg.ac.rs\/wp-content\/uploads\/2025\/03\/IMG_20250303_110528-scaled.jpg 2560w, https:\/\/demonitor.rgf.bg.ac.rs\/wp-content\/uploads\/2025\/03\/IMG_20250303_110528-300x145.jpg 300w, https:\/\/demonitor.rgf.bg.ac.rs\/wp-content\/uploads\/2025\/03\/IMG_20250303_110528-1024x494.jpg 1024w, https:\/\/demonitor.rgf.bg.ac.rs\/wp-content\/uploads\/2025\/03\/IMG_20250303_110528-768x371.jpg 768w, https:\/\/demonitor.rgf.bg.ac.rs\/wp-content\/uploads\/2025\/03\/IMG_20250303_110528-1536x741.jpg 1536w, https:\/\/demonitor.rgf.bg.ac.rs\/wp-content\/uploads\/2025\/03\/IMG_20250303_110528-2048x988.jpg 2048w\" sizes=\"auto, (max-width: 2560px) 100vw, 2560px\" \/><\/a><\/figure>\n\n\n<div class=\"wp-block-group is-vertical is-nowrap is-layout-flex wp-container-core-group-is-layout-9bc6ff26 wp-block-group-is-layout-flex\"><h2 style=\"margin-bottom:0;\" class=\"wp-block-post-title has-x-large-font-size\"><a href=\"https:\/\/demonitor.rgf.bg.ac.rs\/index.php\/2025\/03\/04\/monitoring-visit-from-the-science-fund-and-world-bank-expert\/\" target=\"_self\" >Monitoring Visit from the Science Fund and World Bank Expert<\/a><\/h2>\n\n<div class=\"wp-block-template-part\">\n\n<div class=\"wp-block-group has-global-padding is-layout-constrained wp-block-group-is-layout-constrained\">\n\t\n\t<div class=\"wp-block-group is-content-justification-left is-layout-flex wp-container-core-group-is-layout-dfe8e91f wp-block-group-is-layout-flex\">\n\t\t<div class=\"wp-block-post-date\"><time datetime=\"2025-03-04T11:36:07+00:00\"><a href=\"https:\/\/demonitor.rgf.bg.ac.rs\/index.php\/2025\/03\/04\/monitoring-visit-from-the-science-fund-and-world-bank-expert\/\">Mar 4, 2025<\/a><\/time><\/div>\n\n\t\t\n\t\t<p class=\"has-contrast-2-color has-text-color\">\u2014<\/p>\n\t\t\n\n\t\t\n\t\t<p class=\"has-small-font-size has-contrast-2-color has-text-color\">by<\/p>\n\t\t\n\n\t\t<div class=\"wp-block-post-author-name\"><a href=\"https:\/\/demonitor.rgf.bg.ac.rs\/index.php\/author\/demonitor_admin\/\" target=\"_self\" class=\"wp-block-post-author-name__link\">Demonitor<\/a><\/div>\n\n\t\t<div class=\"taxonomy-category wp-block-post-terms\"><span class=\"wp-block-post-terms__prefix\">in <\/span><a href=\"https:\/\/demonitor.rgf.bg.ac.rs\/index.php\/category\/science-fund\/\" rel=\"tag\">Science Fund<\/a><\/div>\n\n\t<\/div>\n\t\n<\/div>\n\n\n<\/div>\n\n<div class=\"wp-block-post-excerpt has-small-font-size\"><p class=\"wp-block-post-excerpt__excerpt\">Featured image: PI Prof. Milo\u0161 Marjanovi\u0107 demonstrates the work of slake durability Apparatus (photo by Uro\u0161 \u0110uri\u0107) As part of the regular monitoring of project implementation, the DEMONITOR Project recently welcomed a monitoring visit from representatives of the Science Fund, accompanied by Professor An\u0111elka Mihajlov, an environmental protection expert from the World Bank. During the<\/p><p class=\"wp-block-post-excerpt__more-text\"><a class=\"wp-block-post-excerpt__more-link\" href=\"https:\/\/demonitor.rgf.bg.ac.rs\/index.php\/2025\/03\/04\/monitoring-visit-from-the-science-fund-and-world-bank-expert\/\">Read more&#8230;<\/a><\/p><\/div>\n\n\n<div style=\"height:0px\" aria-hidden=\"true\" class=\"wp-block-spacer wp-container-content-32e3a40d\"><\/div>\n<\/div>\n\n<\/li><\/ul>\n\n<nav class=\"wp-block-query-pagination is-content-justification-space-between is-layout-flex wp-container-core-query-pagination-is-layout-b2891da8 wp-block-query-pagination-is-layout-flex\" aria-label=\"Pagination\">\n\n\n<a href=\"\/index.php\/wp-json\/wp\/v2\/pages\/33?query-16-page=2\" class=\"wp-block-query-pagination-next\">Next Page<span class='wp-block-query-pagination-next-arrow is-arrow-arrow' aria-hidden='true'>\u2192<\/span><\/a>\n<\/nav><\/div>\n<\/div>\n<\/div>\n","protected":false},"excerpt":{"rendered":"<p>Welcome to our project news hub! Here, you&#8217;ll find updates on our project implementation and realization efforts. Stay tuned for the latest developments, milestones, working packages and successes as we bring our project toward goals.<\/p>\n","protected":false},"author":1,"featured_media":0,"parent":0,"menu_order":0,"comment_status":"closed","ping_status":"closed","template":"page-no-title","meta":{"footnotes":""},"class_list":["post-33","page","type-page","status-publish","hentry"],"_links":{"self":[{"href":"https:\/\/demonitor.rgf.bg.ac.rs\/index.php\/wp-json\/wp\/v2\/pages\/33","targetHints":{"allow":["GET"]}}],"collection":[{"href":"https:\/\/demonitor.rgf.bg.ac.rs\/index.php\/wp-json\/wp\/v2\/pages"}],"about":[{"href":"https:\/\/demonitor.rgf.bg.ac.rs\/index.php\/wp-json\/wp\/v2\/types\/page"}],"author":[{"embeddable":true,"href":"https:\/\/demonitor.rgf.bg.ac.rs\/index.php\/wp-json\/wp\/v2\/users\/1"}],"replies":[{"embeddable":true,"href":"https:\/\/demonitor.rgf.bg.ac.rs\/index.php\/wp-json\/wp\/v2\/comments?post=33"}],"version-history":[{"count":15,"href":"https:\/\/demonitor.rgf.bg.ac.rs\/index.php\/wp-json\/wp\/v2\/pages\/33\/revisions"}],"predecessor-version":[{"id":475,"href":"https:\/\/demonitor.rgf.bg.ac.rs\/index.php\/wp-json\/wp\/v2\/pages\/33\/revisions\/475"}],"wp:attachment":[{"href":"https:\/\/demonitor.rgf.bg.ac.rs\/index.php\/wp-json\/wp\/v2\/media?parent=33"}],"curies":[{"name":"wp","href":"https:\/\/api.w.org\/{rel}","templated":true}]}}