{"id":34,"date":"2024-03-12T12:18:27","date_gmt":"2024-03-12T12:18:27","guid":{"rendered":"https:\/\/demonitor.rgf.bg.ac.rs\/?page_id=34"},"modified":"2025-06-14T21:51:24","modified_gmt":"2025-06-14T21:51:24","slug":"publications","status":"publish","type":"page","link":"https:\/\/demonitor.rgf.bg.ac.rs\/index.php\/publications\/","title":{"rendered":"Publications"},"content":{"rendered":"\n<figure class=\"wp-block-image size-large\"><img loading=\"lazy\" decoding=\"async\" width=\"1024\" height=\"397\" src=\"https:\/\/demonitor.rgf.bg.ac.rs\/wp-content\/uploads\/2025\/02\/Publications-1024x397.png\" alt=\"\" class=\"wp-image-374\" srcset=\"https:\/\/demonitor.rgf.bg.ac.rs\/wp-content\/uploads\/2025\/02\/Publications-1024x397.png 1024w, https:\/\/demonitor.rgf.bg.ac.rs\/wp-content\/uploads\/2025\/02\/Publications-300x116.png 300w, https:\/\/demonitor.rgf.bg.ac.rs\/wp-content\/uploads\/2025\/02\/Publications-768x298.png 768w, https:\/\/demonitor.rgf.bg.ac.rs\/wp-content\/uploads\/2025\/02\/Publications.png 1131w\" sizes=\"auto, (max-width: 1024px) 100vw, 1024px\" \/><\/figure>\n\n\n\n<p>Welcome to the DEMONITOR project&#8217;s research publications page. Here, we present the latest scientific contributions from our team, highlighting research findings in engineering geology, geotechnics, remote sensing, geophysics, geodetic, and geospatial analysis.<\/p>\n\n\n\n<p>Stay informed by exploring our peer-reviewed papers, conference proceedings, and technical reports.<\/p>\n\n\n\n<details class=\"wp-block-details is-layout-flow wp-block-details-is-layout-flow\"><summary><strong>Conference papers &amp; abstracts<\/strong><\/summary>\n<p>Martinenko, A., &amp; Peji\u0107, M. (2024). <a href=\"https:\/\/grafar.grf.bg.ac.rs\/handle\/123456789\/3548\" data-type=\"link\" data-id=\"https:\/\/grafar.grf.bg.ac.rs\/handle\/123456789\/3548\">Laser scanning at the location of Devils&#8217; Town for the purpose of detecting the degree of erosion of earth pillars<\/a>. 16th International conference on contemporary theory and practice in construction STEPGRAD, Banja Luka, 13-14th June 2024, University of Banja Luka Faculty of Architecture, Civil Engineering and Geodesy.<\/p>\n\n\n\n<p>Brodi\u0107, N., Samard\u017ei\u0107-Petrovi\u0107, M., \u0110uri\u0107, D.,&amp; Martinenko, A. (2024). <a href=\"https:\/\/grafar.grf.bg.ac.rs\/handle\/123456789\/3549\" data-type=\"link\" data-id=\"https:\/\/grafar.grf.bg.ac.rs\/handle\/123456789\/3549\">Comparation of photogrammetry and terrestrial laser scanning methods for erosion monitoring in the area of Devil\u2019s Town: project \u201cDemonitor\u201d<\/a>. 16th International conference on contemporary theory and practice in construction STEPGRAD, Banja Luka, 13-14th June 2024. University of Banja Luka Faculty of Architecture, Civil Engineering and Geodesy.<\/p>\n\n\n\n<p>Brodi\u0107, N., \u0110uri\u0107, U., Samard\u017ei\u0107-Petrovi\u0107, M., Martinenko, A.,&amp; Peji\u0107, M. (2024). <a href=\"https:\/\/grafar.grf.bg.ac.rs\/handle\/123456789\/3707\" data-type=\"link\" data-id=\"https:\/\/grafar.grf.bg.ac.rs\/handle\/123456789\/3707\">High-Resolution UAV-based Photogrammetry for 3D Modelling and Monitoring Changes of Earth Pillars: Case Study Devil\u2019s Town \u2013 Project Demonitor<\/a>. Prakti\u010dna znanja budu\u0107nosti u geodeziji i geoinformatici, Zbornik radova 17. simpozija ovla\u0161tenih in\u017eenjera geodezije, Hrvatska komora ovla\u0161tenih in\u017eenjera geodezije, 93-98.<\/p>\n\n\n\n<p>Marjanovi\u0107, M., Abolmasov, B., Peji\u0107, M., \u0110uri\u0107, U., &amp; Mici\u0107, K. (2024). <a href=\"https:\/\/grafar.grf.bg.ac.rs\/handle\/123456789\/3635\" data-type=\"link\" data-id=\"https:\/\/grafar.grf.bg.ac.rs\/handle\/123456789\/3635\">Simulating instabilities of rare rock landforms in the Devils Town, Serbia.<\/a> in New Challenges in Rock Mechanics and Rock Engineering (EUROCK 2024) &#8211; Proceedings of the ISRM Rock Mechanics Symposium 2024 EUROCK 2024, 15-19 July 2024, Alicante, Spain<br>CRC Press\/Balkema, 1064-1070.<\/p>\n\n\n\n<p>\u0110uri\u0107, D., Marjanovi\u0107, M., \u0110uri\u0107, U., Peji\u0107 M., &amp; Sretkovi\u0107, B. (2024) <a href=\"https:\/\/demonitor.rgf.bg.ac.rs\/wp-content\/uploads\/2025\/02\/BGS_poster.pdf\" data-type=\"link\" data-id=\"https:\/\/demonitor.rgf.bg.ac.rs\/wp-content\/uploads\/2025\/02\/BGS_poster.pdf\">DEMONITOR Project: Advanced landscape monitoring and conservation through integrated Geophysical Techniques<\/a>. in Proceedings of the 12th Congress of the Balkan Geophysical Society, Kopaonik, Serbia, May 27-31. 2024<\/p>\n\n\n\n<p>\u0110uri\u0107, D., Sretkovi\u0107, B. &amp; Sidorov \u2013 Biryukov, D. (2024) <a href=\"https:\/\/demonitor.rgf.bg.ac.rs\/wp-content\/uploads\/2025\/02\/MGD_2024_Ohrid_Prizma.pdf\" data-type=\"link\" data-id=\"https:\/\/demonitor.rgf.bg.ac.rs\/wp-content\/uploads\/2025\/02\/MGD_2024_Ohrid_Prizma.pdf\">Beneath the surface: geoelectrical exploration of \u0110avolja Varo\u0161&#8217;s protected landscape<\/a>, in 5th Congress of Geologists of Republic of Macedonia, September 2024, Ohrid<\/p>\n<\/details>\n\n\n\n<details class=\"wp-block-details is-layout-flow wp-block-details-is-layout-flow\"><summary><strong>Journal papers<\/strong><\/summary>\n<p>Marjanovi\u0107, M., Mici\u0107, K., \u0110or\u0111evi\u0107, V., \u0110uri\u0107, D., &amp; Brodi\u0107, N. (2025). <a href=\"https:\/\/zapisnici.sgd.rs\/index.php\/localhost\/article\/view\/13\">The Devil\u2019s Town digital geomorphological Inventory<\/a>. Zapisnici SGD, 2024, 138\u2013151. https:\/\/doi.org\/10.5281\/zenodo.15008522<\/p>\n<\/details>\n\n\n\n<details class=\"wp-block-details is-layout-flow wp-block-details-is-layout-flow\"><summary><strong>Short reports<\/strong><\/summary>\n<p>Marjanovi\u0107, M., Mici\u0107, K., \u0110uri\u0107, D., \u0110uri\u0107, U. &amp; Peji\u0107 M. (2023) <a href=\"https:\/\/grafar.grf.bg.ac.rs\/handle\/123456789\/3706\" data-type=\"link\" data-id=\"https:\/\/grafar.grf.bg.ac.rs\/handle\/123456789\/3706\">Project on erosion monitoring of devils town \u201dDemonitor\u201d<\/a>. in Reports of the Serbian Geological Society<br>for the year 2023, Belgrade, ISSN 0372-9966<\/p>\n<\/details>\n\n\n\n<p><\/p>\n\n\n\n<p><\/p>\n\n\n\n<p><\/p>\n","protected":false},"excerpt":{"rendered":"<p>Welcome to the DEMONITOR project&#8217;s research publications page. Here, we present the latest scientific contributions from our team, highlighting research findings in engineering geology, geotechnics, remote sensing, geophysics, geodetic, and geospatial analysis. Stay informed by exploring our peer-reviewed papers, conference proceedings, and technical reports.<\/p>\n","protected":false},"author":1,"featured_media":374,"parent":0,"menu_order":0,"comment_status":"closed","ping_status":"closed","template":"","meta":{"footnotes":""},"class_list":["post-34","page","type-page","status-publish","has-post-thumbnail","hentry"],"_links":{"self":[{"href":"https:\/\/demonitor.rgf.bg.ac.rs\/index.php\/wp-json\/wp\/v2\/pages\/34","targetHints":{"allow":["GET"]}}],"collection":[{"href":"https:\/\/demonitor.rgf.bg.ac.rs\/index.php\/wp-json\/wp\/v2\/pages"}],"about":[{"href":"https:\/\/demonitor.rgf.bg.ac.rs\/index.php\/wp-json\/wp\/v2\/types\/page"}],"author":[{"embeddable":true,"href":"https:\/\/demonitor.rgf.bg.ac.rs\/index.php\/wp-json\/wp\/v2\/users\/1"}],"replies":[{"embeddable":true,"href":"https:\/\/demonitor.rgf.bg.ac.rs\/index.php\/wp-json\/wp\/v2\/comments?post=34"}],"version-history":[{"count":27,"href":"https:\/\/demonitor.rgf.bg.ac.rs\/index.php\/wp-json\/wp\/v2\/pages\/34\/revisions"}],"predecessor-version":[{"id":566,"href":"https:\/\/demonitor.rgf.bg.ac.rs\/index.php\/wp-json\/wp\/v2\/pages\/34\/revisions\/566"}],"wp:featuredmedia":[{"embeddable":true,"href":"https:\/\/demonitor.rgf.bg.ac.rs\/index.php\/wp-json\/wp\/v2\/media\/374"}],"wp:attachment":[{"href":"https:\/\/demonitor.rgf.bg.ac.rs\/index.php\/wp-json\/wp\/v2\/media?parent=34"}],"curies":[{"name":"wp","href":"https:\/\/api.w.org\/{rel}","templated":true}]}}